{"id":104,"date":"2025-07-22T16:29:10","date_gmt":"2025-07-22T16:29:10","guid":{"rendered":"https:\/\/bicaki77.pt\/?page_id=104"},"modified":"2025-07-25T17:10:36","modified_gmt":"2025-07-25T17:10:36","slug":"produtos","status":"publish","type":"page","link":"https:\/\/bicaki77.pt\/?page_id=104","title":{"rendered":"Produtos"},"content":{"rendered":"\n<div class=\"wp-block-cover\"><img loading=\"lazy\" decoding=\"async\" width=\"600\" height=\"900\" class=\"wp-block-cover__image-background wp-image-37\" alt=\"\" src=\"https:\/\/bicaki77.pt\/wp-content\/uploads\/2025\/07\/not-my-image_.jpg\" data-object-fit=\"cover\" srcset=\"https:\/\/bicaki77.pt\/wp-content\/uploads\/2025\/07\/not-my-image_.jpg 600w, https:\/\/bicaki77.pt\/wp-content\/uploads\/2025\/07\/not-my-image_-200x300.jpg 200w\" sizes=\"auto, (max-width: 600px) 100vw, 600px\" \/><span aria-hidden=\"true\" class=\"wp-block-cover__background has-background-dim\"><\/span><div class=\"wp-block-cover__inner-container is-layout-flow wp-block-cover-is-layout-flow\">\n<p class=\"has-text-align-center has-large-font-size\"><strong>LEVEDURA SECA INSTANT\u00c2NEA:<\/strong><\/p>\n\n\n\n<p>\u2013&nbsp;<strong>Baixo teor de A\u00e7\u00facar<\/strong><\/p>\n\n\n\n<p><strong>\u2013 Elevado Teor de A\u00e7ucar<\/strong><\/p>\n\n\n\n<p><strong>Natureza: Levedura Seca<\/strong><\/p>\n\n\n\n<p><strong>Funcionalidade: Fermenta\u00e7\u00e3o Ativador<\/strong><\/p>\n\n\n\n<p><strong>Resultado: Qualidade consistente. Fermenta\u00e7\u00e3o r\u00e1pida.<\/strong><\/p>\n\n\n\n<p class=\"has-text-align-center has-large-font-size\">Fermento Seco Adequado para Aplica\u00e7\u00f5es de Panifica\u00e7\u00e3o Instant\u00e2nea na Ind\u00fastria de Alimentos. \u00c9 usado como Auxiliar de Processamento.<\/p>\n\n\n\n<h3 class=\"wp-block-heading\"><strong>ANGEL YEAST<\/strong>&nbsp;\u2013&nbsp;<strong>LEVEDURA SECA INSTANT\u00c2NEA<\/strong><\/h3>\n\n\n\n<p><strong>INOVA\u00c7\u00c3O NA FERMENTA\u00c7\u00c3O<\/strong>&nbsp;<strong>DE LEVEDURAS<\/strong><\/p>\n\n\n\n<p><strong>Desenvolvimento da Biotecnologia da Levedura<\/strong><\/p>\n\n\n\n<p>A Angel \u00e9 uma empresa global de leveduras e biotecnologia que desenvolve solu\u00e7\u00f5es de ingredientes naturais para os sectores alimentar e de bebidas, nutricional e biotecnol\u00f3gico.<\/p>\n\n\n\n<figure class=\"wp-block-image\"><img loading=\"lazy\" decoding=\"async\" width=\"1024\" height=\"256\" src=\"https:\/\/bicaki77.pt\/wp-content\/uploads\/2025\/07\/cropped-14-Types-Of-Flour-For-Pasta-Do-You-Know-Them-All_-1-1024x256.jpg\" alt=\"\" class=\"wp-image-43\" srcset=\"https:\/\/bicaki77.pt\/wp-content\/uploads\/2025\/07\/cropped-14-Types-Of-Flour-For-Pasta-Do-You-Know-Them-All_-1-1024x256.jpg 1024w, https:\/\/bicaki77.pt\/wp-content\/uploads\/2025\/07\/cropped-14-Types-Of-Flour-For-Pasta-Do-You-Know-Them-All_-1-300x75.jpg 300w, https:\/\/bicaki77.pt\/wp-content\/uploads\/2025\/07\/cropped-14-Types-Of-Flour-For-Pasta-Do-You-Know-Them-All_-1-768x192.jpg 768w, https:\/\/bicaki77.pt\/wp-content\/uploads\/2025\/07\/cropped-14-Types-Of-Flour-For-Pasta-Do-You-Know-Them-All_-1-1536x384.jpg 1536w, https:\/\/bicaki77.pt\/wp-content\/uploads\/2025\/07\/cropped-14-Types-Of-Flour-For-Pasta-Do-You-Know-Them-All_-1-1x1.jpg 1w, https:\/\/bicaki77.pt\/wp-content\/uploads\/2025\/07\/cropped-14-Types-Of-Flour-For-Pasta-Do-You-Know-Them-All_-1.jpg 1600w\" sizes=\"auto, (max-width: 1024px) 100vw, 1024px\" \/><\/figure>\n\n\n\n<p>Como fornecedor de leveduras com uma presen\u00e7a global, a Angel tem bases de produ\u00e7\u00e3o modernas em 13 cidades em todo o mundo, com produtos e servi\u00e7os fornecidos a mais de 160 pa\u00edses e regi\u00f5es.<\/p>\n<\/div><\/div>\n\n\n\n<div class=\"wp-block-cover\"><img loading=\"lazy\" decoding=\"async\" width=\"585\" height=\"585\" class=\"wp-block-cover__image-background wp-image-137\" alt=\"\" src=\"https:\/\/bicaki77.pt\/wp-content\/uploads\/2025\/07\/Homemade-Vegetable-Margarine-Recipe_-Easy-Peasy.jpg\" data-object-fit=\"cover\" srcset=\"https:\/\/bicaki77.pt\/wp-content\/uploads\/2025\/07\/Homemade-Vegetable-Margarine-Recipe_-Easy-Peasy.jpg 585w, https:\/\/bicaki77.pt\/wp-content\/uploads\/2025\/07\/Homemade-Vegetable-Margarine-Recipe_-Easy-Peasy-300x300.jpg 300w, https:\/\/bicaki77.pt\/wp-content\/uploads\/2025\/07\/Homemade-Vegetable-Margarine-Recipe_-Easy-Peasy-150x150.jpg 150w\" sizes=\"auto, (max-width: 585px) 100vw, 585px\" \/><span aria-hidden=\"true\" class=\"wp-block-cover__background has-background-dim\"><\/span><div class=\"wp-block-cover__inner-container is-layout-flow wp-block-cover-is-layout-flow\">\n<h2 class=\"wp-block-heading has-text-align-center has-large-font-size\">MARGARINAS<\/h2>\n\n\n\n<p class=\"has-text-align-center has-large-font-size\">Solu\u00e7\u00f5es Espec\u00edficas para os Setores Industrial e Artesanal. Margarinas do Tipo de Manteiga, Margarinas Espec\u00edficas, Livres de \u00d3leo de Palma.<\/p>\n<\/div><\/div>\n\n\n\n<div class=\"wp-block-cover\"><img loading=\"lazy\" decoding=\"async\" width=\"680\" height=\"453\" class=\"wp-block-cover__image-background wp-image-139\" alt=\"\" src=\"https:\/\/bicaki77.pt\/wp-content\/uploads\/2025\/07\/Sal-grosso-e-melhor-que-o-refinado_.jpg\" data-object-fit=\"cover\" srcset=\"https:\/\/bicaki77.pt\/wp-content\/uploads\/2025\/07\/Sal-grosso-e-melhor-que-o-refinado_.jpg 680w, https:\/\/bicaki77.pt\/wp-content\/uploads\/2025\/07\/Sal-grosso-e-melhor-que-o-refinado_-300x200.jpg 300w\" sizes=\"auto, (max-width: 680px) 100vw, 680px\" \/><span aria-hidden=\"true\" class=\"wp-block-cover__background has-background-dim\"><\/span><div class=\"wp-block-cover__inner-container is-layout-flow wp-block-cover-is-layout-flow\">\n<h2 class=\"wp-block-heading has-text-align-center has-large-font-size\">SAL<\/h2>\n\n\n\n<p class=\"has-text-align-center has-large-font-size\">Marinho \/ Cristal \/ Refinado.<\/p>\n<\/div><\/div>\n\n\n\n<div class=\"wp-block-cover\"><img loading=\"lazy\" decoding=\"async\" width=\"735\" height=\"414\" class=\"wp-block-cover__image-background wp-image-142\" alt=\"\" src=\"https:\/\/bicaki77.pt\/wp-content\/uploads\/2025\/07\/Conheca-as-diferencas-entre-os-tipos-de-acucar-Portal-Drauzio-Varella-1.jpg\" data-object-fit=\"cover\" srcset=\"https:\/\/bicaki77.pt\/wp-content\/uploads\/2025\/07\/Conheca-as-diferencas-entre-os-tipos-de-acucar-Portal-Drauzio-Varella-1.jpg 735w, https:\/\/bicaki77.pt\/wp-content\/uploads\/2025\/07\/Conheca-as-diferencas-entre-os-tipos-de-acucar-Portal-Drauzio-Varella-1-300x169.jpg 300w\" sizes=\"auto, (max-width: 735px) 100vw, 735px\" \/><span aria-hidden=\"true\" class=\"wp-block-cover__background has-background-dim\"><\/span><div class=\"wp-block-cover__inner-container is-layout-flow wp-block-cover-is-layout-flow\">\n<h2 class=\"wp-block-heading has-text-align-center has-large-font-size\">A\u00c7\u00daCAR<\/h2>\n\n\n\n<p class=\"has-text-align-center has-large-font-size\">Melhores Solu\u00e7\u00f5es para Ind\u00fastria Panifica\u00e7\u00e3o e Pastelaria.<\/p>\n<\/div><\/div>\n\n\n\n<div class=\"wp-block-cover\"><img loading=\"lazy\" decoding=\"async\" width=\"656\" height=\"991\" class=\"wp-block-cover__image-background wp-image-140\" alt=\"\" src=\"https:\/\/bicaki77.pt\/wp-content\/uploads\/2025\/07\/Homemade-French-Fries-Without-Double-Frying.jpg\" data-object-fit=\"cover\" srcset=\"https:\/\/bicaki77.pt\/wp-content\/uploads\/2025\/07\/Homemade-French-Fries-Without-Double-Frying.jpg 656w, https:\/\/bicaki77.pt\/wp-content\/uploads\/2025\/07\/Homemade-French-Fries-Without-Double-Frying-199x300.jpg 199w\" sizes=\"auto, (max-width: 656px) 100vw, 656px\" \/><span aria-hidden=\"true\" class=\"wp-block-cover__background has-background-dim\"><\/span><div class=\"wp-block-cover__inner-container is-layout-flow wp-block-cover-is-layout-flow\">\n<h2 class=\"wp-block-heading has-text-align-center has-large-font-size\">\u00d3LEOS<\/h2>\n\n\n\n<p class=\"has-text-align-center has-large-font-size\">Ampla Gama de \u00d3leos e Gorduras Especialmente Desenvolvidos para Frituras, que Atendem&nbsp;\u00e0s Exigentes Necessidades dos Profissionais.<\/p>\n<\/div><\/div>\n\n\n\n<div class=\"wp-block-cover is-light\"><img loading=\"lazy\" decoding=\"async\" width=\"480\" height=\"251\" class=\"wp-block-cover__image-background wp-image-144 size-full\" alt=\"\" src=\"https:\/\/bicaki77.pt\/wp-content\/uploads\/2025\/07\/Desmoldante-caseiro-surreal-com-3-ingredientes-vai-mudar-para-sempre-a-sua-vida-na-cozinha.jpg\" data-object-fit=\"cover\" srcset=\"https:\/\/bicaki77.pt\/wp-content\/uploads\/2025\/07\/Desmoldante-caseiro-surreal-com-3-ingredientes-vai-mudar-para-sempre-a-sua-vida-na-cozinha.jpg 480w, https:\/\/bicaki77.pt\/wp-content\/uploads\/2025\/07\/Desmoldante-caseiro-surreal-com-3-ingredientes-vai-mudar-para-sempre-a-sua-vida-na-cozinha-300x157.jpg 300w\" sizes=\"auto, (max-width: 480px) 100vw, 480px\" \/><span aria-hidden=\"true\" class=\"wp-block-cover__background has-background-dim\" style=\"background-color:#c1ad9e\"><\/span><div class=\"wp-block-cover__inner-container is-layout-flow wp-block-cover-is-layout-flow\">\n<h2 class=\"wp-block-heading has-text-align-center has-large-font-size\">AGENTES DESMOLDANTES<\/h2>\n\n\n\n<p class=\"has-text-align-center has-large-font-size\">Desmoldantes Totalmente \u00e0 Base de \u00d3leos e Ceras Vegetais.<\/p>\n<\/div><\/div>\n","protected":false},"excerpt":{"rendered":"","protected":false},"author":2,"featured_media":0,"parent":0,"menu_order":0,"comment_status":"closed","ping_status":"closed","template":"","meta":{"_kadence_starter_templates_imported_post":false,"footnotes":""},"class_list":["post-104","page","type-page","status-publish","hentry"],"_links":{"self":[{"href":"https:\/\/bicaki77.pt\/index.php?rest_route=\/wp\/v2\/pages\/104","targetHints":{"allow":["GET"]}}],"collection":[{"href":"https:\/\/bicaki77.pt\/index.php?rest_route=\/wp\/v2\/pages"}],"about":[{"href":"https:\/\/bicaki77.pt\/index.php?rest_route=\/wp\/v2\/types\/page"}],"author":[{"embeddable":true,"href":"https:\/\/bicaki77.pt\/index.php?rest_route=\/wp\/v2\/users\/2"}],"replies":[{"embeddable":true,"href":"https:\/\/bicaki77.pt\/index.php?rest_route=%2Fwp%2Fv2%2Fcomments&post=104"}],"version-history":[{"count":6,"href":"https:\/\/bicaki77.pt\/index.php?rest_route=\/wp\/v2\/pages\/104\/revisions"}],"predecessor-version":[{"id":189,"href":"https:\/\/bicaki77.pt\/index.php?rest_route=\/wp\/v2\/pages\/104\/revisions\/189"}],"wp:attachment":[{"href":"https:\/\/bicaki77.pt\/index.php?rest_route=%2Fwp%2Fv2%2Fmedia&parent=104"}],"curies":[{"name":"wp","href":"https:\/\/api.w.org\/{rel}","templated":true}]}}